{"id":513,"date":"2023-10-29T14:55:04","date_gmt":"2023-10-29T18:55:04","guid":{"rendered":"https:\/\/aeroetslab.ca\/?page_id=513"},"modified":"2024-03-30T21:52:54","modified_gmt":"2024-03-31T01:52:54","slug":"equipe","status":"publish","type":"page","link":"https:\/\/aeroetslab.ca\/en\/equipe\/","title":{"rendered":"Team"},"content":{"rendered":"<div data-elementor-type=\"wp-page\" data-elementor-id=\"513\" class=\"elementor elementor-513\" data-elementor-post-type=\"page\">\n\t\t\t\t<div class=\"elementor-element elementor-element-fd6a5b5 e-flex e-con-boxed e-con e-parent\" data-id=\"fd6a5b5\" data-element_type=\"container\" data-e-type=\"container\" data-settings=\"{&quot;background_background&quot;:&quot;classic&quot;}\">\n\t\t\t\t\t<div class=\"e-con-inner\">\n\t\t\t\t<div class=\"elementor-element elementor-element-440e0db0 elementor-widget elementor-widget-heading\" data-id=\"440e0db0\" data-element_type=\"widget\" data-e-type=\"widget\" data-widget_type=\"heading.default\">\n\t\t\t\t<div class=\"elementor-widget-container\">\n\t\t\t\t\t<h2 class=\"elementor-heading-title elementor-size-default\">Our Team<\/h2>\t\t\t\t<\/div>\n\t\t\t\t<\/div>\n\t\t\t\t<div class=\"elementor-element elementor-element-69b45d04 elementor-widget elementor-widget-heading\" data-id=\"69b45d04\" data-element_type=\"widget\" data-e-type=\"widget\" data-widget_type=\"heading.default\">\n\t\t\t\t<div class=\"elementor-widget-container\">\n\t\t\t\t\t<h5 class=\"elementor-heading-title elementor-size-default\">Meet our dedicated team for sustainable aero propulsion research<\/h5>\t\t\t\t<\/div>\n\t\t\t\t<\/div>\n\t\t<div class=\"elementor-element elementor-element-636bc86 e-con-full e-flex e-con e-child\" data-id=\"636bc86\" data-element_type=\"container\" data-e-type=\"container\">\n\t\t\t\t<div class=\"elementor-element elementor-element-ea54575 elementor-widget-tablet__width-initial elementor-widget-mobile__width-inherit elementor-widget__width-initial elementor-position-top elementor-widget elementor-widget-image-box\" data-id=\"ea54575\" data-element_type=\"widget\" data-e-type=\"widget\" data-widget_type=\"image-box.default\">\n\t\t\t\t<div class=\"elementor-widget-container\">\n\t\t\t\t\t<div class=\"elementor-image-box-wrapper\"><figure class=\"elementor-image-box-img\"><img decoding=\"async\" src=\"https:\/\/i0.wp.com\/aeroetslab.ca\/wp-content\/uploads\/2023\/11\/P20190905-Garnier-Francois-005_carr.jpg?fit=400%2C400&#038;ssl=1\" title=\"P20190905-Garnier-Fran\u00e7ois-005_carr\" alt=\"P20190905-Garnier-Fran\u00e7ois-005_carr\" class=\"elementor-animation-grow\" loading=\"lazy\" \/><\/figure><div class=\"elementor-image-box-content\"><h4 class=\"elementor-image-box-title\">Fran\u00e7ois Garnier<\/h4><p class=\"elementor-image-box-description\">Director<\/p><\/div><\/div>\t\t\t\t<\/div>\n\t\t\t\t<\/div>\n\t\t\t\t<div class=\"elementor-element elementor-element-92d8e83 elementor-widget-tablet__width-initial elementor-widget-mobile__width-inherit elementor-widget__width-initial elementor-position-top elementor-widget elementor-widget-image-box\" data-id=\"92d8e83\" data-element_type=\"widget\" data-e-type=\"widget\" data-widget_type=\"image-box.default\">\n\t\t\t\t<div class=\"elementor-widget-container\">\n\t\t\t\t\t<div class=\"elementor-image-box-wrapper\"><figure class=\"elementor-image-box-img\"><img decoding=\"async\" src=\"https:\/\/i0.wp.com\/aeroetslab.ca\/wp-content\/uploads\/2023\/11\/1680363338596.jpg?fit=400%2C400&#038;ssl=1\" title=\"1680363338596\" alt=\"1680363338596\" class=\"elementor-animation-grow\" loading=\"lazy\" \/><\/figure><div class=\"elementor-image-box-content\"><h4 class=\"elementor-image-box-title\">Mohamed Chouak<\/h4><p class=\"elementor-image-box-description\">Research Associate<\/p><\/div><\/div>\t\t\t\t<\/div>\n\t\t\t\t<\/div>\n\t\t\t\t<div class=\"elementor-element elementor-element-93bbe5d elementor-widget-tablet__width-initial elementor-widget-mobile__width-inherit elementor-widget__width-initial elementor-position-top elementor-widget elementor-widget-image-box\" data-id=\"93bbe5d\" data-element_type=\"widget\" data-e-type=\"widget\" data-widget_type=\"image-box.default\">\n\t\t\t\t<div class=\"elementor-widget-container\">\n\t\t\t\t\t<div class=\"elementor-image-box-wrapper\"><figure class=\"elementor-image-box-img\"><img decoding=\"async\" src=\"https:\/\/i0.wp.com\/aeroetslab.ca\/wp-content\/uploads\/2023\/11\/396843504_6882405158546102_3763398780511067820_n-1-e1699912833372.jpg?fit=400%2C400&#038;ssl=1\" title=\"396843504_6882405158546102_3763398780511067820_n\" alt=\"396843504_6882405158546102_3763398780511067820_n\" class=\"elementor-animation-grow\" loading=\"lazy\" \/><\/figure><div class=\"elementor-image-box-content\"><h4 class=\"elementor-image-box-title\">S\u00e9bastien Cantin<\/h4><p class=\"elementor-image-box-description\">Doctoral Student<\/p><\/div><\/div>\t\t\t\t<\/div>\n\t\t\t\t<\/div>\n\t\t\t\t<div class=\"elementor-element elementor-element-c00c398 elementor-widget-tablet__width-initial elementor-widget-mobile__width-inherit elementor-widget__width-initial elementor-position-top elementor-widget elementor-widget-image-box\" data-id=\"c00c398\" data-element_type=\"widget\" data-e-type=\"widget\" data-widget_type=\"image-box.default\">\n\t\t\t\t<div class=\"elementor-widget-container\">\n\t\t\t\t\t<div class=\"elementor-image-box-wrapper\"><figure class=\"elementor-image-box-img\"><img decoding=\"async\" src=\"https:\/\/i0.wp.com\/aeroetslab.ca\/wp-content\/uploads\/2023\/11\/1687906998507.jpg?fit=400%2C400&#038;ssl=1\" title=\"1687906998507\" alt=\"1687906998507\" class=\"elementor-animation-grow\" loading=\"lazy\" \/><\/figure><div class=\"elementor-image-box-content\"><h4 class=\"elementor-image-box-title\">Adrien Misandeau<\/h4><p class=\"elementor-image-box-description\">Doctoral Student<\/p><\/div><\/div>\t\t\t\t<\/div>\n\t\t\t\t<\/div>\n\t\t\t\t<\/div>\n\t\t<div class=\"elementor-element elementor-element-5262966b e-con-full e-flex e-con e-child\" data-id=\"5262966b\" data-element_type=\"container\" data-e-type=\"container\">\n\t\t\t\t<div class=\"elementor-element elementor-element-18f09a11 elementor-widget-tablet__width-initial elementor-widget-mobile__width-inherit elementor-widget__width-initial elementor-position-top elementor-widget elementor-widget-image-box\" data-id=\"18f09a11\" data-element_type=\"widget\" data-e-type=\"widget\" data-widget_type=\"image-box.default\">\n\t\t\t\t<div class=\"elementor-widget-container\">\n\t\t\t\t\t<div class=\"elementor-image-box-wrapper\"><figure class=\"elementor-image-box-img\"><img decoding=\"async\" src=\"https:\/\/i0.wp.com\/aeroetslab.ca\/wp-content\/uploads\/2023\/11\/1644814148241.jpg?fit=400%2C400&#038;ssl=1\" title=\"1644814148241\" alt=\"1644814148241\" class=\"elementor-animation-grow\" loading=\"lazy\" \/><\/figure><div class=\"elementor-image-box-content\"><h4 class=\"elementor-image-box-title\">Parisa Afkari<\/h4><p class=\"elementor-image-box-description\">\u00c9tudiante au Doctorat<\/p><\/div><\/div>\t\t\t\t<\/div>\n\t\t\t\t<\/div>\n\t\t\t\t<div class=\"elementor-element elementor-element-1c8f5a30 elementor-widget-tablet__width-initial elementor-widget-mobile__width-inherit elementor-widget__width-initial elementor-position-top elementor-widget elementor-widget-image-box\" data-id=\"1c8f5a30\" data-element_type=\"widget\" data-e-type=\"widget\" data-widget_type=\"image-box.default\">\n\t\t\t\t<div class=\"elementor-widget-container\">\n\t\t\t\t\t<div class=\"elementor-image-box-wrapper\"><figure class=\"elementor-image-box-img\"><img fetchpriority=\"high\" decoding=\"async\" data-attachment-id=\"787\" data-permalink=\"https:\/\/aeroetslab.ca\/en\/equipe\/male-profile-image-placeholder\/\" data-orig-file=\"https:\/\/i0.wp.com\/aeroetslab.ca\/wp-content\/uploads\/2023\/11\/male-profile-image-placeholder.png?fit=370%2C370&amp;ssl=1\" data-orig-size=\"370,370\" data-comments-opened=\"1\" data-image-meta=\"{&quot;aperture&quot;:&quot;0&quot;,&quot;credit&quot;:&quot;&quot;,&quot;camera&quot;:&quot;&quot;,&quot;caption&quot;:&quot;&quot;,&quot;created_timestamp&quot;:&quot;0&quot;,&quot;copyright&quot;:&quot;&quot;,&quot;focal_length&quot;:&quot;0&quot;,&quot;iso&quot;:&quot;0&quot;,&quot;shutter_speed&quot;:&quot;0&quot;,&quot;title&quot;:&quot;&quot;,&quot;orientation&quot;:&quot;0&quot;}\" data-image-title=\"male-profile-image-placeholder\" data-image-description=\"\" data-image-caption=\"\" data-large-file=\"https:\/\/i0.wp.com\/aeroetslab.ca\/wp-content\/uploads\/2023\/11\/male-profile-image-placeholder.png?fit=370%2C370&amp;ssl=1\" width=\"370\" height=\"370\" src=\"https:\/\/i0.wp.com\/aeroetslab.ca\/wp-content\/uploads\/2023\/11\/male-profile-image-placeholder.png?fit=370%2C370&amp;ssl=1\" class=\"elementor-animation-grow attachment-full size-full wp-image-787\" alt=\"\" srcset=\"https:\/\/i0.wp.com\/aeroetslab.ca\/wp-content\/uploads\/2023\/11\/male-profile-image-placeholder.png?w=370&amp;ssl=1 370w, https:\/\/i0.wp.com\/aeroetslab.ca\/wp-content\/uploads\/2023\/11\/male-profile-image-placeholder.png?resize=300%2C300&amp;ssl=1 300w, https:\/\/i0.wp.com\/aeroetslab.ca\/wp-content\/uploads\/2023\/11\/male-profile-image-placeholder.png?resize=150%2C150&amp;ssl=1 150w, https:\/\/i0.wp.com\/aeroetslab.ca\/wp-content\/uploads\/2023\/11\/male-profile-image-placeholder.png?resize=12%2C12&amp;ssl=1 12w, https:\/\/i0.wp.com\/aeroetslab.ca\/wp-content\/uploads\/2023\/11\/male-profile-image-placeholder.png?resize=200%2C200&amp;ssl=1 200w, https:\/\/i0.wp.com\/aeroetslab.ca\/wp-content\/uploads\/2023\/11\/male-profile-image-placeholder.png?w=400&amp;ssl=1 400w\" sizes=\"(max-width: 370px) 100vw, 370px\" \/><\/figure><div class=\"elementor-image-box-content\"><h4 class=\"elementor-image-box-title\">Babak Jalali<\/h4><p class=\"elementor-image-box-description\">Doctoral Student<\/p><\/div><\/div>\t\t\t\t<\/div>\n\t\t\t\t<\/div>\n\t\t\t\t<div class=\"elementor-element elementor-element-7b3ca8fd elementor-widget-tablet__width-initial elementor-widget-mobile__width-inherit elementor-widget__width-initial elementor-position-top elementor-widget elementor-widget-image-box\" data-id=\"7b3ca8fd\" data-element_type=\"widget\" data-e-type=\"widget\" data-widget_type=\"image-box.default\">\n\t\t\t\t<div class=\"elementor-widget-container\">\n\t\t\t\t\t<div class=\"elementor-image-box-wrapper\"><figure class=\"elementor-image-box-img\"><img decoding=\"async\" src=\"https:\/\/i0.wp.com\/aeroetslab.ca\/wp-content\/uploads\/2023\/11\/385551836_693898349351033_494565688202058496_n-e1699662788751.png?fit=400%2C400&#038;ssl=1\" title=\"385551836_693898349351033_494565688202058496_n\" alt=\"385551836_693898349351033_494565688202058496_n\" class=\"elementor-animation-grow\" loading=\"lazy\" \/><\/figure><div class=\"elementor-image-box-content\"><h4 class=\"elementor-image-box-title\">Jason Georgelin<\/h4><p class=\"elementor-image-box-description\">Master's Student<\/p><\/div><\/div>\t\t\t\t<\/div>\n\t\t\t\t<\/div>\n\t\t\t\t<div class=\"elementor-element elementor-element-12eacf5 elementor-widget-tablet__width-initial elementor-widget-mobile__width-inherit elementor-widget__width-initial elementor-position-top elementor-widget elementor-widget-image-box\" data-id=\"12eacf5\" data-element_type=\"widget\" data-e-type=\"widget\" data-widget_type=\"image-box.default\">\n\t\t\t\t<div class=\"elementor-widget-container\">\n\t\t\t\t\t<div class=\"elementor-image-box-wrapper\"><figure class=\"elementor-image-box-img\"><img decoding=\"async\" src=\"https:\/\/i0.wp.com\/aeroetslab.ca\/wp-content\/uploads\/2023\/11\/371545375_1539394756887294_1147503638090389881_n-e1699650313907.jpg?fit=400%2C400&#038;ssl=1\" title=\"371545375_1539394756887294_1147503638090389881_n\" alt=\"371545375_1539394756887294_1147503638090389881_n\" class=\"elementor-animation-grow\" loading=\"lazy\" \/><\/figure><div class=\"elementor-image-box-content\"><h4 class=\"elementor-image-box-title\">Lucas Brilland<\/h4><p class=\"elementor-image-box-description\">Master's Student<\/p><\/div><\/div>\t\t\t\t<\/div>\n\t\t\t\t<\/div>\n\t\t\t\t<\/div>\n\t\t<div class=\"elementor-element elementor-element-8aa950c e-con-full e-flex e-con e-child\" data-id=\"8aa950c\" data-element_type=\"container\" data-e-type=\"container\">\n\t\t\t\t<div class=\"elementor-element elementor-element-7fc7efc elementor-widget-tablet__width-initial elementor-widget-mobile__width-inherit elementor-widget__width-initial elementor-position-top elementor-widget elementor-widget-image-box\" data-id=\"7fc7efc\" data-element_type=\"widget\" data-e-type=\"widget\" data-widget_type=\"image-box.default\">\n\t\t\t\t<div class=\"elementor-widget-container\">\n\t\t\t\t\t<div class=\"elementor-image-box-wrapper\"><figure class=\"elementor-image-box-img\"><img decoding=\"async\" src=\"https:\/\/i0.wp.com\/aeroetslab.ca\/wp-content\/uploads\/2023\/11\/1668585491364.jpg?fit=400%2C400&#038;ssl=1\" title=\"1668585491364\" alt=\"1668585491364\" class=\"elementor-animation-grow\" loading=\"lazy\" \/><\/figure><div class=\"elementor-image-box-content\"><h4 class=\"elementor-image-box-title\">Alban Delanchy<\/h4><p class=\"elementor-image-box-description\">Master's Student<\/p><\/div><\/div>\t\t\t\t<\/div>\n\t\t\t\t<\/div>\n\t\t\t\t<div class=\"elementor-element elementor-element-e3dc2f1 elementor-widget-tablet__width-initial elementor-widget-mobile__width-inherit elementor-widget__width-initial elementor-position-top elementor-widget elementor-widget-image-box\" data-id=\"e3dc2f1\" data-element_type=\"widget\" data-e-type=\"widget\" data-widget_type=\"image-box.default\">\n\t\t\t\t<div class=\"elementor-widget-container\">\n\t\t\t\t\t<div class=\"elementor-image-box-wrapper\"><figure class=\"elementor-image-box-img\"><img decoding=\"async\" src=\"https:\/\/i0.wp.com\/aeroetslab.ca\/wp-content\/uploads\/2023\/11\/1635245165504.jpg?fit=400%2C400&#038;ssl=1\" title=\"1635245165504\" alt=\"1635245165504\" class=\"elementor-animation-grow\" loading=\"lazy\" \/><\/figure><div class=\"elementor-image-box-content\"><h4 class=\"elementor-image-box-title\">Victor Br\u00e9geot<\/h4><p class=\"elementor-image-box-description\">Master's Student<\/p><\/div><\/div>\t\t\t\t<\/div>\n\t\t\t\t<\/div>\n\t\t\t\t<div class=\"elementor-element elementor-element-eb4ab03 elementor-widget-tablet__width-initial elementor-widget-mobile__width-inherit elementor-widget__width-initial elementor-position-top elementor-widget elementor-widget-image-box\" data-id=\"eb4ab03\" data-element_type=\"widget\" data-e-type=\"widget\" data-widget_type=\"image-box.default\">\n\t\t\t\t<div class=\"elementor-widget-container\">\n\t\t\t\t\t<div class=\"elementor-image-box-wrapper\"><figure class=\"elementor-image-box-img\"><img decoding=\"async\" src=\"https:\/\/i0.wp.com\/aeroetslab.ca\/wp-content\/uploads\/2023\/11\/1671918521586.jpg?fit=800%2C800&#038;ssl=1\" title=\"1671918521586\" alt=\"1671918521586\" class=\"elementor-animation-grow\" loading=\"lazy\" \/><\/figure><div class=\"elementor-image-box-content\"><h4 class=\"elementor-image-box-title\">Hossein Ghassemi Panah<\/h4><p class=\"elementor-image-box-description\">Master's Student<\/p><\/div><\/div>\t\t\t\t<\/div>\n\t\t\t\t<\/div>\n\t\t\t\t<div class=\"elementor-element elementor-element-5d78378 elementor-widget-tablet__width-initial elementor-widget-mobile__width-inherit elementor-widget__width-initial elementor-position-top elementor-widget elementor-widget-image-box\" data-id=\"5d78378\" data-element_type=\"widget\" data-e-type=\"widget\" data-widget_type=\"image-box.default\">\n\t\t\t\t<div class=\"elementor-widget-container\">\n\t\t\t\t\t<div class=\"elementor-image-box-wrapper\"><figure class=\"elementor-image-box-img\"><img decoding=\"async\" src=\"https:\/\/i0.wp.com\/aeroetslab.ca\/wp-content\/uploads\/2023\/11\/1636967323597.jpg?fit=400%2C400&#038;ssl=1\" title=\"1636967323597\" alt=\"1636967323597\" class=\"elementor-animation-grow\" loading=\"lazy\" \/><\/figure><div class=\"elementor-image-box-content\"><h4 class=\"elementor-image-box-title\">Camille Paillard<\/h4><p class=\"elementor-image-box-description\">\u00c9tudiante \u00e0 la Maitrise<\/p><\/div><\/div>\t\t\t\t<\/div>\n\t\t\t\t<\/div>\n\t\t\t\t<\/div>\n\t\t<div class=\"elementor-element elementor-element-7dec92e e-con-full e-flex e-con e-child\" data-id=\"7dec92e\" data-element_type=\"container\" data-e-type=\"container\">\n\t\t\t\t<\/div>\n\t\t\t\t\t<\/div>\n\t\t\t\t<\/div>\n\t\t\t\t<\/div>","protected":false},"excerpt":{"rendered":"<p>Notre \u00e9quipe Rencontrez notre \u00e9quipe d\u00e9di\u00e9e \u00e0 la recherche en a\u00e9ropropulsion durable. Fran\u00e7ois Garnier Directeur Mohamed Chouak Associ\u00e9 de Recherche S\u00e9bastien Cantin \u00c9tudiant au Doctorat Adrien Misandeau \u00c9tudiant au Doctorat Parisa Afkari \u00c9tudiante au Doctorat Babak Jalali \u00c9tudiant au Doctorat Jason Georgelin \u00c9tudiant \u00e0 la Maitrise Lucas Brilland \u00c9tudiant \u00e0 la Maitrise Alban Delanchy \u00c9tudiant [&hellip;]<\/p>\n","protected":false},"author":235507374,"featured_media":814,"parent":0,"menu_order":0,"comment_status":"closed","ping_status":"closed","template":"","meta":{"_crdt_document":"","footnotes":""},"class_list":["post-513","page","type-page","status-publish","has-post-thumbnail","hentry"],"yoast_head":"<!-- This site is optimized with the Yoast SEO plugin v27.4 - https:\/\/yoast.com\/product\/yoast-seo-wordpress\/ -->\n<title>\u00c9quipe - Chaire A\u00e9ropropulsion ETS %<\/title>\n<meta name=\"description\" content=\"Rencontrez l&#039;\u00e9quipe d\u00e9di\u00e9e d&#039;AeroETSLab \u00e0 l&#039;ETS, des experts passionn\u00e9s par l&#039;innovation en a\u00e9ropropulsion. D\u00e9couvrez les esprits derri\u00e8re nos recherches r\u00e9volutionnaires.\" \/>\n<meta name=\"robots\" content=\"index, follow, max-snippet:-1, max-image-preview:large, max-video-preview:-1\" \/>\n<link rel=\"canonical\" href=\"https:\/\/aeroetslab.ca\/en\/equipe\/\" \/>\n<meta property=\"og:locale\" content=\"en_US\" \/>\n<meta property=\"og:type\" content=\"article\" \/>\n<meta property=\"og:title\" content=\"\u00c9quipe - Chaire A\u00e9ropropulsion ETS %\" \/>\n<meta property=\"og:description\" content=\"Rencontrez l&#039;\u00e9quipe d\u00e9di\u00e9e d&#039;AeroETSLab \u00e0 l&#039;ETS, des experts passionn\u00e9s par l&#039;innovation en a\u00e9ropropulsion. D\u00e9couvrez les esprits derri\u00e8re nos recherches r\u00e9volutionnaires.\" \/>\n<meta property=\"og:url\" content=\"https:\/\/aeroetslab.ca\/en\/equipe\/\" \/>\n<meta property=\"og:site_name\" content=\"Chaire A\u00e9ropropulsion ETS\" \/>\n<meta property=\"article:modified_time\" content=\"2024-03-31T01:52:54+00:00\" \/>\n<meta property=\"og:image\" content=\"https:\/\/aeroetslab.ca\/wp-content\/uploads\/2023\/11\/P20190905-Garnier-Francois-005_carr.jpg\" \/>\n\t<meta property=\"og:image:width\" content=\"4482\" \/>\n\t<meta property=\"og:image:height\" content=\"4480\" \/>\n\t<meta property=\"og:image:type\" content=\"image\/jpeg\" \/>\n<meta name=\"twitter:card\" content=\"summary_large_image\" \/>\n<meta name=\"twitter:label1\" content=\"Est. reading time\" \/>\n\t<meta name=\"twitter:data1\" content=\"3 minutes\" \/>\n<script type=\"application\/ld+json\" class=\"yoast-schema-graph\">{\"@context\":\"https:\\\/\\\/schema.org\",\"@graph\":[{\"@type\":\"WebPage\",\"@id\":\"https:\\\/\\\/aeroetslab.ca\\\/equipe\\\/\",\"url\":\"https:\\\/\\\/aeroetslab.ca\\\/equipe\\\/\",\"name\":\"\u00c9quipe - Chaire A\u00e9ropropulsion ETS %\",\"isPartOf\":{\"@id\":\"https:\\\/\\\/aeroetslab.ca\\\/#website\"},\"primaryImageOfPage\":{\"@id\":\"https:\\\/\\\/aeroetslab.ca\\\/equipe\\\/#primaryimage\"},\"image\":{\"@id\":\"https:\\\/\\\/aeroetslab.ca\\\/equipe\\\/#primaryimage\"},\"thumbnailUrl\":\"https:\\\/\\\/i0.wp.com\\\/aeroetslab.ca\\\/wp-content\\\/uploads\\\/2023\\\/11\\\/P20190905-Garnier-Francois-005_carr.jpg?fit=4482%2C4480&ssl=1\",\"datePublished\":\"2023-10-29T18:55:04+00:00\",\"dateModified\":\"2024-03-31T01:52:54+00:00\",\"description\":\"Rencontrez l'\u00e9quipe d\u00e9di\u00e9e d'AeroETSLab \u00e0 l'ETS, des experts passionn\u00e9s par l'innovation en a\u00e9ropropulsion. D\u00e9couvrez les esprits derri\u00e8re nos recherches r\u00e9volutionnaires.\",\"breadcrumb\":{\"@id\":\"https:\\\/\\\/aeroetslab.ca\\\/equipe\\\/#breadcrumb\"},\"inLanguage\":\"en-US\",\"potentialAction\":[{\"@type\":\"ReadAction\",\"target\":[\"https:\\\/\\\/aeroetslab.ca\\\/equipe\\\/\"]}]},{\"@type\":\"ImageObject\",\"inLanguage\":\"en-US\",\"@id\":\"https:\\\/\\\/aeroetslab.ca\\\/equipe\\\/#primaryimage\",\"url\":\"https:\\\/\\\/i0.wp.com\\\/aeroetslab.ca\\\/wp-content\\\/uploads\\\/2023\\\/11\\\/P20190905-Garnier-Francois-005_carr.jpg?fit=4482%2C4480&ssl=1\",\"contentUrl\":\"https:\\\/\\\/i0.wp.com\\\/aeroetslab.ca\\\/wp-content\\\/uploads\\\/2023\\\/11\\\/P20190905-Garnier-Francois-005_carr.jpg?fit=4482%2C4480&ssl=1\",\"width\":4482,\"height\":4480},{\"@type\":\"BreadcrumbList\",\"@id\":\"https:\\\/\\\/aeroetslab.ca\\\/equipe\\\/#breadcrumb\",\"itemListElement\":[{\"@type\":\"ListItem\",\"position\":1,\"name\":\"Accueil\",\"item\":\"https:\\\/\\\/aeroetslab.ca\\\/\"},{\"@type\":\"ListItem\",\"position\":2,\"name\":\"\u00c9quipe\"}]},{\"@type\":\"WebSite\",\"@id\":\"https:\\\/\\\/aeroetslab.ca\\\/#website\",\"url\":\"https:\\\/\\\/aeroetslab.ca\\\/\",\"name\":\"Chaire A\u00e9ropropulsion ETS\",\"description\":\"\",\"publisher\":{\"@id\":\"https:\\\/\\\/aeroetslab.ca\\\/#organization\"},\"potentialAction\":[{\"@type\":\"SearchAction\",\"target\":{\"@type\":\"EntryPoint\",\"urlTemplate\":\"https:\\\/\\\/aeroetslab.ca\\\/?s={search_term_string}\"},\"query-input\":{\"@type\":\"PropertyValueSpecification\",\"valueRequired\":true,\"valueName\":\"search_term_string\"}}],\"inLanguage\":\"en-US\"},{\"@type\":\"Organization\",\"@id\":\"https:\\\/\\\/aeroetslab.ca\\\/#organization\",\"name\":\"Chaire A\u00e9ropropulsion ETS\",\"url\":\"https:\\\/\\\/aeroetslab.ca\\\/\",\"logo\":{\"@type\":\"ImageObject\",\"inLanguage\":\"en-US\",\"@id\":\"https:\\\/\\\/aeroetslab.ca\\\/#\\\/schema\\\/logo\\\/image\\\/\",\"url\":\"https:\\\/\\\/i0.wp.com\\\/aeroetslab.ca\\\/wp-content\\\/uploads\\\/2023\\\/08\\\/AreoPropulsion-png.png?fit=4022%2C1566&ssl=1\",\"contentUrl\":\"https:\\\/\\\/i0.wp.com\\\/aeroetslab.ca\\\/wp-content\\\/uploads\\\/2023\\\/08\\\/AreoPropulsion-png.png?fit=4022%2C1566&ssl=1\",\"width\":4022,\"height\":1566,\"caption\":\"Chaire A\u00e9ropropulsion ETS\"},\"image\":{\"@id\":\"https:\\\/\\\/aeroetslab.ca\\\/#\\\/schema\\\/logo\\\/image\\\/\"}}]}<\/script>\n<!-- \/ Yoast SEO plugin. -->","yoast_head_json":{"title":"\u00c9quipe - Chaire A\u00e9ropropulsion ETS %","description":"Rencontrez l'\u00e9quipe d\u00e9di\u00e9e d'AeroETSLab \u00e0 l'ETS, des experts passionn\u00e9s par l'innovation en a\u00e9ropropulsion. D\u00e9couvrez les esprits derri\u00e8re nos recherches r\u00e9volutionnaires.","robots":{"index":"index","follow":"follow","max-snippet":"max-snippet:-1","max-image-preview":"max-image-preview:large","max-video-preview":"max-video-preview:-1"},"canonical":"https:\/\/aeroetslab.ca\/en\/equipe\/","og_locale":"en_US","og_type":"article","og_title":"\u00c9quipe - Chaire A\u00e9ropropulsion ETS %","og_description":"Rencontrez l'\u00e9quipe d\u00e9di\u00e9e d'AeroETSLab \u00e0 l'ETS, des experts passionn\u00e9s par l'innovation en a\u00e9ropropulsion. D\u00e9couvrez les esprits derri\u00e8re nos recherches r\u00e9volutionnaires.","og_url":"https:\/\/aeroetslab.ca\/en\/equipe\/","og_site_name":"Chaire A\u00e9ropropulsion ETS","article_modified_time":"2024-03-31T01:52:54+00:00","og_image":[{"width":4482,"height":4480,"url":"https:\/\/aeroetslab.ca\/wp-content\/uploads\/2023\/11\/P20190905-Garnier-Francois-005_carr.jpg","type":"image\/jpeg"}],"twitter_card":"summary_large_image","twitter_misc":{"Est. reading time":"3 minutes"},"schema":{"@context":"https:\/\/schema.org","@graph":[{"@type":"WebPage","@id":"https:\/\/aeroetslab.ca\/equipe\/","url":"https:\/\/aeroetslab.ca\/equipe\/","name":"\u00c9quipe - Chaire A\u00e9ropropulsion ETS %","isPartOf":{"@id":"https:\/\/aeroetslab.ca\/#website"},"primaryImageOfPage":{"@id":"https:\/\/aeroetslab.ca\/equipe\/#primaryimage"},"image":{"@id":"https:\/\/aeroetslab.ca\/equipe\/#primaryimage"},"thumbnailUrl":"https:\/\/i0.wp.com\/aeroetslab.ca\/wp-content\/uploads\/2023\/11\/P20190905-Garnier-Francois-005_carr.jpg?fit=4482%2C4480&ssl=1","datePublished":"2023-10-29T18:55:04+00:00","dateModified":"2024-03-31T01:52:54+00:00","description":"Rencontrez l'\u00e9quipe d\u00e9di\u00e9e d'AeroETSLab \u00e0 l'ETS, des experts passionn\u00e9s par l'innovation en a\u00e9ropropulsion. D\u00e9couvrez les esprits derri\u00e8re nos recherches r\u00e9volutionnaires.","breadcrumb":{"@id":"https:\/\/aeroetslab.ca\/equipe\/#breadcrumb"},"inLanguage":"en-US","potentialAction":[{"@type":"ReadAction","target":["https:\/\/aeroetslab.ca\/equipe\/"]}]},{"@type":"ImageObject","inLanguage":"en-US","@id":"https:\/\/aeroetslab.ca\/equipe\/#primaryimage","url":"https:\/\/i0.wp.com\/aeroetslab.ca\/wp-content\/uploads\/2023\/11\/P20190905-Garnier-Francois-005_carr.jpg?fit=4482%2C4480&ssl=1","contentUrl":"https:\/\/i0.wp.com\/aeroetslab.ca\/wp-content\/uploads\/2023\/11\/P20190905-Garnier-Francois-005_carr.jpg?fit=4482%2C4480&ssl=1","width":4482,"height":4480},{"@type":"BreadcrumbList","@id":"https:\/\/aeroetslab.ca\/equipe\/#breadcrumb","itemListElement":[{"@type":"ListItem","position":1,"name":"Accueil","item":"https:\/\/aeroetslab.ca\/"},{"@type":"ListItem","position":2,"name":"\u00c9quipe"}]},{"@type":"WebSite","@id":"https:\/\/aeroetslab.ca\/#website","url":"https:\/\/aeroetslab.ca\/","name":"Chaire A\u00e9ropropulsion ETS","description":"","publisher":{"@id":"https:\/\/aeroetslab.ca\/#organization"},"potentialAction":[{"@type":"SearchAction","target":{"@type":"EntryPoint","urlTemplate":"https:\/\/aeroetslab.ca\/?s={search_term_string}"},"query-input":{"@type":"PropertyValueSpecification","valueRequired":true,"valueName":"search_term_string"}}],"inLanguage":"en-US"},{"@type":"Organization","@id":"https:\/\/aeroetslab.ca\/#organization","name":"Chaire A\u00e9ropropulsion ETS","url":"https:\/\/aeroetslab.ca\/","logo":{"@type":"ImageObject","inLanguage":"en-US","@id":"https:\/\/aeroetslab.ca\/#\/schema\/logo\/image\/","url":"https:\/\/i0.wp.com\/aeroetslab.ca\/wp-content\/uploads\/2023\/08\/AreoPropulsion-png.png?fit=4022%2C1566&ssl=1","contentUrl":"https:\/\/i0.wp.com\/aeroetslab.ca\/wp-content\/uploads\/2023\/08\/AreoPropulsion-png.png?fit=4022%2C1566&ssl=1","width":4022,"height":1566,"caption":"Chaire A\u00e9ropropulsion ETS"},"image":{"@id":"https:\/\/aeroetslab.ca\/#\/schema\/logo\/image\/"}}]}},"jetpack_likes_enabled":true,"jetpack_sharing_enabled":true,"jetpack_shortlink":"https:\/\/wp.me\/PePUtN-8h","jetpack-related-posts":[],"_links":{"self":[{"href":"https:\/\/aeroetslab.ca\/en\/wp-json\/wp\/v2\/pages\/513","targetHints":{"allow":["GET"]}}],"collection":[{"href":"https:\/\/aeroetslab.ca\/en\/wp-json\/wp\/v2\/pages"}],"about":[{"href":"https:\/\/aeroetslab.ca\/en\/wp-json\/wp\/v2\/types\/page"}],"author":[{"embeddable":true,"href":"https:\/\/aeroetslab.ca\/en\/wp-json\/wp\/v2\/users\/235507374"}],"replies":[{"embeddable":true,"href":"https:\/\/aeroetslab.ca\/en\/wp-json\/wp\/v2\/comments?post=513"}],"version-history":[{"count":100,"href":"https:\/\/aeroetslab.ca\/en\/wp-json\/wp\/v2\/pages\/513\/revisions"}],"predecessor-version":[{"id":1258,"href":"https:\/\/aeroetslab.ca\/en\/wp-json\/wp\/v2\/pages\/513\/revisions\/1258"}],"wp:featuredmedia":[{"embeddable":true,"href":"https:\/\/aeroetslab.ca\/en\/wp-json\/wp\/v2\/media\/814"}],"wp:attachment":[{"href":"https:\/\/aeroetslab.ca\/en\/wp-json\/wp\/v2\/media?parent=513"}],"curies":[{"name":"wp","href":"https:\/\/api.w.org\/{rel}","templated":true}]}}